{"id":3865,"date":"2023-10-21T18:11:51","date_gmt":"2023-10-21T18:11:51","guid":{"rendered":"https:\/\/stancatidesign.com\/?post_type=product&#038;p=3865"},"modified":"2023-11-02T00:18:29","modified_gmt":"2023-11-02T00:18:29","slug":"chaleco-mardeselva","status":"publish","type":"product","link":"https:\/\/stancatidesign.com\/en\/product\/chaleco-mardeselva\/","title":{"rendered":"Chaleco Mardeselva"},"content":{"rendered":"<p><strong>Chaleco Madreselva<\/strong><\/p>\n<p>All our pieces are designed and crafted in Mexico.<br \/>\nThe materials we use are 100% Merino wool and various types of silk. These fibers are biodegradable and friendly to both our skin and the environment. The dyeing process complies with OEKO-TEX Standard 100 regulations.<br \/>\nBy choosing us, you're contributing your part to make a positive change in global consumption, caring for our planet with durable and quality garments.<br \/>\nFurthermore, our pieces are crafted with full intention and dedication throughout the entire process so that those who wear them can feel the warmth and love they seek when choosing us, combined with the unique design that sets us apart.<\/p>\n<p><strong><a href=\"#color\">Tabla de Colores<\/a><\/strong><\/p>\n<p>If you wish to inquire about your custom design, please visit <a href=\"https:\/\/stancatidesign.com\/en\/contact\/\"><strong style=\"color: brown;\">Contact<\/strong><\/a>\u00a0and leave us your message.<\/p>\n<hr \/>\n<h4>Preguntas frecuentes<\/h4>\n<p>&nbsp;<\/p>\n<p><strong>How are the clothes washed?<\/strong><\/p>\n<p>Lavar a mano con agua fr\u00eda. Usar jab\u00f3n neutro. Secar a la sombra, no fregar. Planchar a temperatura\u00a0baja.<\/p>\n<p><strong>How long does it take to deliver orders?<\/strong><\/p>\n<p>La entrega de realizar\u00e1 entre 5 y 7 dias despu\u00e9s de la compra para toda la Rep\u00fablica mexicana.<br \/>\nEn caso de ser env\u00edo al extranjero aclararemos en cada caso.<\/p>\n<p><strong>How much do shipments cost?<\/strong><\/p>\n<p>The delivery by Stancati throughout the Mexican Republic has a cost of $260 MXN<br \/>\nFor the rest of the countries, it is clarified on a case-by-case basis.<\/p>\n<p><strong>What payment methods do you accept?<\/strong><\/p>\n<p>We accept all cards, using the STRIPE system<\/p>\n<p><strong>Do you accept returns?<\/strong><\/p>\n<p>We accept returns of unused items with original tags, in the original packaging, and in the same condition as received by the customer.<br \/>\nThe return can be made within a period of 10 consecutive days after receiving the package, no more. No exceptions.<\/p>\n<p>Customers are responsible for covering the cost of return shipping and coordinating the return with their local courier service.<br \/>\nWe strongly recommend using a tracking service such as DHL and FedEx Tracked.<br \/>\nWe cannot accept responsibility for packages lost in transit, and we recommend that you obtain a proof of shipment and a tracking number.<br \/>\nFor a return or exchange, please send us an email with your order number and the reason for the return to contacto@stancatidesign.com, and we will guide you through the next steps.<\/p>","protected":false},"excerpt":{"rendered":"<p>All designs will be woven once the purchase is made. Delivery time between 3 and 5 weeks.<br \/>\n<br \/>\n<img decoding=\"async\" data-src=\"https:\/\/stancatidesign.com\/wp-content\/uploads\/2023\/10\/tale.jpg\" alt=\"Tabla de talles\" src=\"data:image\/svg+xml;base64,PHN2ZyB3aWR0aD0iMSIgaGVpZ2h0PSIxIiB4bWxucz0iaHR0cDovL3d3dy53My5vcmcvMjAwMC9zdmciPjwvc3ZnPg==\" class=\"lazyload\" style=\"--smush-placeholder-width: 631px; --smush-placeholder-aspect-ratio: 631\/334;\" \/><br \/>\n<strong><a href=\"#tMujer\">Expand the table<\/a><\/strong><\/p>","protected":false},"featured_media":2528,"comment_status":"open","ping_status":"closed","template":"","meta":{"_monsterinsights_skip_tracking":false,"_monsterinsights_sitenote_active":false,"_monsterinsights_sitenote_note":"","_monsterinsights_sitenote_category":0},"product_brand":[],"product_cat":[79],"product_tag":[46,60,83],"class_list":{"0":"post-3865","1":"product","2":"type-product","3":"status-publish","4":"has-post-thumbnail","6":"product_cat-abrigos","7":"product_tag-abrigo","8":"product_tag-chaleco","9":"product_tag-stancati","11":"first","12":"instock","13":"taxable","14":"shipping-taxable","15":"purchasable","16":"product-type-variable"},"aioseo_notices":[],"_links":{"self":[{"href":"https:\/\/stancatidesign.com\/en\/wp-json\/wp\/v2\/product\/3865","targetHints":{"allow":["GET"]}}],"collection":[{"href":"https:\/\/stancatidesign.com\/en\/wp-json\/wp\/v2\/product"}],"about":[{"href":"https:\/\/stancatidesign.com\/en\/wp-json\/wp\/v2\/types\/product"}],"replies":[{"embeddable":true,"href":"https:\/\/stancatidesign.com\/en\/wp-json\/wp\/v2\/comments?post=3865"}],"wp:featuredmedia":[{"embeddable":true,"href":"https:\/\/stancatidesign.com\/en\/wp-json\/wp\/v2\/media\/2528"}],"wp:attachment":[{"href":"https:\/\/stancatidesign.com\/en\/wp-json\/wp\/v2\/media?parent=3865"}],"wp:term":[{"taxonomy":"product_brand","embeddable":true,"href":"https:\/\/stancatidesign.com\/en\/wp-json\/wp\/v2\/product_brand?post=3865"},{"taxonomy":"product_cat","embeddable":true,"href":"https:\/\/stancatidesign.com\/en\/wp-json\/wp\/v2\/product_cat?post=3865"},{"taxonomy":"product_tag","embeddable":true,"href":"https:\/\/stancatidesign.com\/en\/wp-json\/wp\/v2\/product_tag?post=3865"}],"curies":[{"name":"wp","href":"https:\/\/api.w.org\/{rel}","templated":true}]}}